{"id":286,"date":"2024-06-05T20:01:49","date_gmt":"2024-06-05T20:01:49","guid":{"rendered":"http:\/\/localhost\/w3-code.restaurantelanoria.com\/aviso-de-privacidad\/"},"modified":"2024-06-05T20:13:25","modified_gmt":"2024-06-05T20:13:25","slug":"privacy-policy","status":"publish","type":"page","link":"https:\/\/www.restaurantelanoria.com\/en\/privacy-policy\/","title":{"rendered":"Privacy policy"},"content":{"rendered":"<p>Con fundamento en lo dispuesto por la Ley Federal de Protecci\u00f3n de Datos Personales en Posesi\u00f3n de los Particulares, su Reglamento y los Lineamientos del Aviso de Privacidad publicados por la Secretar\u00eda de Econom\u00eda, se hace de su conocimiento lo siguiente:<\/p>\n<p>Restaurante La Noria o Ex Hacienda la Noria, SA de CV, con domicilio en 41 poniente, N\u00famero 2120, Colonia La Noria, C\u00f3digo Postal 72410, en Puebla, Puebla, con tel\u00e9fonos (222) 237 7213 \u00f3 237 0499 y p\u00e1gina electr\u00f3nica www.restaurantelanoria.com es el responsable de recabar, usar, almacenar y proteger sus datos personales.<\/p>\n<p>Sus datos ser\u00e1n utilizados para:<br \/>\n(i) Proveer nuestros servicios,<br \/>\n(ii) Recibir y confirmar reservaciones,<br \/>\n(iii) Realizar cobros,<br \/>\n(iv) Emitir comprobantes de pago,<br \/>\n(v) Atender quejas y comentarios.<\/p>\n<p>Si requiere mayor informaci\u00f3n acerca del tratamiento, procedimientos y derechos que puede hacer valer sobre sus datos personales, usted puede consultar el aviso de privacidad completo.<\/p>\n","protected":false},"excerpt":{"rendered":"<p>Con fundamento en lo dispuesto por la Ley Federal de Protecci\u00f3n de Datos Personales en Posesi\u00f3n de los Particulares, su Reglamento y los Lineamientos del Aviso de Privacidad publicados por la Secretar\u00eda de Econom\u00eda, se hace de su conocimiento lo siguiente: Restaurante La Noria o Ex Hacienda la Noria, SA de CV, con domicilio en [&hellip;]<\/p>\n","protected":false},"author":1,"featured_media":0,"parent":0,"menu_order":0,"comment_status":"closed","ping_status":"closed","template":"","meta":{"_acf_changed":false,"footnotes":""},"class_list":["post-286","page","type-page","status-publish","hentry"],"acf":[],"_links":{"self":[{"href":"https:\/\/www.restaurantelanoria.com\/en\/wp-json\/wp\/v2\/pages\/286","targetHints":{"allow":["GET"]}}],"collection":[{"href":"https:\/\/www.restaurantelanoria.com\/en\/wp-json\/wp\/v2\/pages"}],"about":[{"href":"https:\/\/www.restaurantelanoria.com\/en\/wp-json\/wp\/v2\/types\/page"}],"author":[{"embeddable":true,"href":"https:\/\/www.restaurantelanoria.com\/en\/wp-json\/wp\/v2\/users\/1"}],"replies":[{"embeddable":true,"href":"https:\/\/www.restaurantelanoria.com\/en\/wp-json\/wp\/v2\/comments?post=286"}],"version-history":[{"count":2,"href":"https:\/\/www.restaurantelanoria.com\/en\/wp-json\/wp\/v2\/pages\/286\/revisions"}],"predecessor-version":[{"id":288,"href":"https:\/\/www.restaurantelanoria.com\/en\/wp-json\/wp\/v2\/pages\/286\/revisions\/288"}],"wp:attachment":[{"href":"https:\/\/www.restaurantelanoria.com\/en\/wp-json\/wp\/v2\/media?parent=286"}],"curies":[{"name":"wp","href":"https:\/\/api.w.org\/{rel}","templated":true}]}}